{"id":1694,"date":"2023-07-14T11:13:20","date_gmt":"2023-07-14T09:13:20","guid":{"rendered":"https:\/\/www.gmg.cat\/aviso-legal\/"},"modified":"2024-04-17T15:38:33","modified_gmt":"2024-04-17T13:38:33","slug":"aviso-legal","status":"publish","type":"page","link":"https:\/\/www.gmg.cat\/es\/aviso-legal\/","title":{"rendered":"Aviso legal"},"content":{"rendered":"\n<h2>DATOS IDENTIFICATIVOS<\/h2>\n<p>\nEn cumplimiento con el deber informaci\u00f3n recogido en el art\u00edculo 10 de la Ley 34\/2002, de 11 de julio, de Servicios de la Sociedad de la Informaci\u00f3n y del Comercio Electr\u00f3nico, a continuaci\u00f3n se reflejan los siguientes datos:\n<\/p><p>\nLa empresa titular de esta web es \u00abGMG Plans i Projectes, SLP\u00bb, con domicilio en C. Uni\u00f3 1 1\u00ba., 08221 de Terrassa (Barcelona), con CIF: B63599732, inscrita en el Registro Mercantil de Barcelona. Correo electr\u00f3nico de contacto gmg@gmg.cat.\n<\/p><p>\nLa informaci\u00f3n contenida en www.gmg.cat constituye un servicio de informaci\u00f3n de los diversos servicios que ofrece \u00abGMG Planes y Proyectos, SLP\u00bb (en adelante \u00abGMG\u00bb) en relaci\u00f3n con la actividad de centro deportivo.\n<\/p>\n<h2>ACEPTACI\u00d3N DE LAS CONDICIONES DE USO<\/h2>\n<p>\nEl acceso a la Web www.gmg.cat exige la aceptaci\u00f3n de las condiciones de uso que en cada momento se encuentren vigentes en esta Web.\n<\/p>\n<h2>PROPIEDAD INTELECTUAL<\/h2>\n<p>\nEl c\u00f3digo fuente, los dise\u00f1os gr\u00e1ficos, las im\u00e1genes, las fotograf\u00edas, las animaciones, el software, los textos, as\u00ed como la informaci\u00f3n y los contenidos que se recogen en www.gmg.cat est\u00e1n protegidos por la legislaci\u00f3n espa\u00f1ola sobre los derechos de propiedad intelectual e industrial a favor de \u00abGMG\u00bb, y no se permite, la reproducci\u00f3n total o parcial de esta Web, ni su tratamiento inform\u00e1tico, comunicaci\u00f3n p\u00fablica, distribuci\u00f3n, difusi\u00f3n, modificaci\u00f3n, transformaci\u00f3n o descompilaci\u00f3n, sin el permiso previo y por escrito de su titular, \u00abGMG\u00bb de conformidad con lo dispuesto en los art\u00edculos 8 y 32 p\u00e1rrafo segundo de la Ley de Propiedad Intelectual.\n<\/p><p>\nEl usuario, \u00fanica y exclusivamente podr\u00e1 utilizar el material que aparezca en esta Web para su uso personal y privado, quedando prohibida su utilizaci\u00f3n con fines comerciales o por incurrir en actividades il\u00edcitas. Todos los derechos derivados de la propiedad intelectual est\u00e1n expresamente reservados por \u00abGMG\u00bb.\n<\/p><p>\n\u00abGMG\u00bb velar\u00e1 por el cumplimiento de las anteriores condiciones y para la debida utilizaci\u00f3n de los contenidos presentados en su portal, ejercitando todas las acciones civiles y penales que le correspondan en el caso de infracci\u00f3n o incumplimiento de estos derechos por parte del usuario.\n<\/p>\n<h2>LIMITACI\u00d3N DE LA RESPONSABILIDAD<\/h2>\n<p>\n\u00abGMG\u00bb no se responsabiliza de los posibles da\u00f1os o perjuicios que puedan suceder como consecuencia del uso de los contenidos de la Web, siendo de exclusiva responsabilidad del usuario que acceda a los mismos.\n<\/p>\nEn el mismo sentido, \u00abGMG\u00bb no se responsabiliza de los posibles perjuicios que se puedan derivar del uso de una versi\u00f3n no actualizada o defectuosa del navegador, de interrupciones en la conexi\u00f3n que se produzcan durante la transmisi\u00f3n de datos, virus inform\u00e1ticos, aver\u00edas o desconexiones en el funcionamiento del sistema telem\u00e1tico, de bloqueos causados por deficiencias o sobrecargas de las l\u00edneas telef\u00f3nicas, as\u00ed como de da\u00f1os provocados por terceras personas mediante intromisiones no autorizadas.\n<p>\n\u00abGMG\u00bb no se hace responsable del incumplimiento de cualquier norma aplicable en que pueda incurrir el usuario en su acceso a la Web demo.twentic.com\/gmg y\/o en el uso de las informaciones contenidas en ella.\n<\/p>\n<h2>ENLACES<\/h2>\n<p>\nTodos los enlaces o links, hipertextual, framing o cualquier otro tipo de conexi\u00f3n virtual a trav\u00e9s de redes de telecomunicaci\u00f3n desde cualquier sitio web a nuestra p\u00e1gina Web, deber\u00e1 ser solicitado y autorizado previamente y por escrito por \u00abGMG\u00bb, y en su defecto los enlaces que se establezcan en esta Web, deber\u00e1n hacerse en su p\u00e1gina de inicio.\n<\/p><p>\nLos enlaces que se realicen en p\u00e1ginas Web de terceros tienen \u00fanicamente una finalidad orientativa, siendo su objeto el poner a disposici\u00f3n del usuario otras fuentes de informaci\u00f3n que pudieran ser de su inter\u00e9s.\n<\/p><p>\n\u00abGMG\u00bb procura revisar peri\u00f3dicamente el contenido de sus enlaces. No obstante, es imposible conocer en todo momento el contenido concreto de los enlaces propuestos. Derivado de ello, solicitamos la colaboraci\u00f3n de cualquier usuario que acceda a los referidos contenidos en el supuesto de que sus contenidos pudieran ser contrarios a la legalidad vigente, moral u orden p\u00fablico, poni\u00e9ndolo en conocimiento a trav\u00e9s del siguiente correo electr\u00f3nico gmg@gmg.cat.\n<\/p>\n<h2>RESPONSABILIDAD<\/h2>\n<p>\nEn definitiva, el usuario es el \u00fanico responsable del uso que realice de los servicios, contenidos, enlaces (links) e hipertextos incluidos en la Web demo.twentic.com\/gmg.\n<\/p>\n<h2>RESERVA<\/h2>\n<p>\n\u00abGMG\u00bb se reserva la facultad en todo momento, sin necesidad de previo aviso, de efectuar modificaciones y actualizaciones de la informaci\u00f3n contenida en su Web o en su configuraci\u00f3n y presentaci\u00f3n. Asimismo se reserva el derecho a suspender temporalmente, y sin que sea necesario previo aviso, la accesibilidad a la Web por razones de eventual necesidad y para efectuar operaciones de mantenimiento, reparaci\u00f3n o mejora.\n<\/p><p>\n\u00abGMG\u00bb se reserva el derecho a incluir o retirar total o parcialmente de la Web, cualquier informaci\u00f3n a su exclusiva discreci\u00f3n.\n<\/p>\n<h2>LEY APLICABLE Y JURISDICCI\u00d3N<\/h2>\n<p>\nPara todas aquellas cuestiones que se puedan suscitar con motivo de interpretaci\u00f3n, ejecuci\u00f3n o eventual incumplimiento de las presentes condiciones de utilizaci\u00f3n, los usuarios, con renuncia a su propio fuero, y con independencia del lugar donde se suscite cualquier disputa, se someter\u00e1n expresamente a la competencia y jurisdicci\u00f3n de los juzgados y tribunales de Terrassa (Barcelona).\n<\/p><p>\nLas presentes condiciones se regir\u00e1n, en todo caso, por la legislaci\u00f3n espa\u00f1ola.\n<\/p><p>\nGMG Plans i Projectes, SLP<\/p>\n","protected":false},"excerpt":{"rendered":"<p>DATOS IDENTIFICATIVOS En cumplimiento con el deber informaci\u00f3n recogido en el art\u00edculo 10 de la Ley 34\/2002, de 11 de julio, de Servicios de la Sociedad de la Informaci\u00f3n y del Comercio Electr\u00f3nico, a continuaci\u00f3n se reflejan los siguientes datos: La empresa titular de esta web es \u00abGMG Plans i Projectes, SLP\u00bb, con domicilio en&hellip; <a class=\"more-link\" href=\"https:\/\/www.gmg.cat\/es\/aviso-legal\/\">Seguir leyendo <span class=\"screen-reader-text\">Aviso legal<\/span><\/a><\/p>\n","protected":false},"author":1,"featured_media":0,"parent":0,"menu_order":0,"comment_status":"closed","ping_status":"closed","template":"page-legal.php","meta":{"inline_featured_image":false,"footnotes":""},"class_list":["post-1694","page","type-page","status-publish","hentry","entry"],"acf":[],"yoast_head":"<!-- This site is optimized with the Yoast SEO plugin v21.5 - https:\/\/yoast.com\/wordpress\/plugins\/seo\/ -->\n<title>Aviso legal - GMG<\/title>\n<meta name=\"robots\" content=\"index, follow, max-snippet:-1, max-image-preview:large, max-video-preview:-1\" \/>\n<link rel=\"canonical\" href=\"https:\/\/www.gmg.cat\/es\/aviso-legal\/\" \/>\n<meta property=\"og:locale\" content=\"es_ES\" \/>\n<meta property=\"og:type\" content=\"article\" \/>\n<meta property=\"og:title\" content=\"Aviso legal - GMG\" \/>\n<meta property=\"og:description\" content=\"DATOS IDENTIFICATIVOS En cumplimiento con el deber informaci\u00f3n recogido en el art\u00edculo 10 de la Ley 34\/2002, de 11 de julio, de Servicios de la Sociedad de la Informaci\u00f3n y del Comercio Electr\u00f3nico, a continuaci\u00f3n se reflejan los siguientes datos: La empresa titular de esta web es \u00abGMG Plans i Projectes, SLP\u00bb, con domicilio en&hellip; Seguir leyendo Aviso legal\" \/>\n<meta property=\"og:url\" content=\"https:\/\/www.gmg.cat\/es\/aviso-legal\/\" \/>\n<meta property=\"og:site_name\" content=\"GMG\" \/>\n<meta property=\"article:modified_time\" content=\"2024-04-17T13:38:33+00:00\" \/>\n<meta name=\"twitter:card\" content=\"summary_large_image\" \/>\n<meta name=\"twitter:label1\" content=\"Tiempo de lectura\" \/>\n\t<meta name=\"twitter:data1\" content=\"5 minutos\" \/>\n<script type=\"application\/ld+json\" class=\"yoast-schema-graph\">{\"@context\":\"https:\/\/schema.org\",\"@graph\":[{\"@type\":\"WebPage\",\"@id\":\"https:\/\/www.gmg.cat\/es\/aviso-legal\/\",\"url\":\"https:\/\/www.gmg.cat\/es\/aviso-legal\/\",\"name\":\"Aviso legal - GMG\",\"isPartOf\":{\"@id\":\"https:\/\/www.gmg.cat\/es\/#website\"},\"datePublished\":\"2023-07-14T09:13:20+00:00\",\"dateModified\":\"2024-04-17T13:38:33+00:00\",\"inLanguage\":\"es\",\"potentialAction\":[{\"@type\":\"ReadAction\",\"target\":[\"https:\/\/www.gmg.cat\/es\/aviso-legal\/\"]}]},{\"@type\":\"WebSite\",\"@id\":\"https:\/\/www.gmg.cat\/es\/#website\",\"url\":\"https:\/\/www.gmg.cat\/es\/\",\"name\":\"GMG\",\"description\":\"\",\"potentialAction\":[{\"@type\":\"SearchAction\",\"target\":{\"@type\":\"EntryPoint\",\"urlTemplate\":\"https:\/\/www.gmg.cat\/es\/?s={search_term_string}\"},\"query-input\":\"required name=search_term_string\"}],\"inLanguage\":\"es\"}]}<\/script>\n<!-- \/ Yoast SEO plugin. -->","yoast_head_json":{"title":"Aviso legal - GMG","robots":{"index":"index","follow":"follow","max-snippet":"max-snippet:-1","max-image-preview":"max-image-preview:large","max-video-preview":"max-video-preview:-1"},"canonical":"https:\/\/www.gmg.cat\/es\/aviso-legal\/","og_locale":"es_ES","og_type":"article","og_title":"Aviso legal - GMG","og_description":"DATOS IDENTIFICATIVOS En cumplimiento con el deber informaci\u00f3n recogido en el art\u00edculo 10 de la Ley 34\/2002, de 11 de julio, de Servicios de la Sociedad de la Informaci\u00f3n y del Comercio Electr\u00f3nico, a continuaci\u00f3n se reflejan los siguientes datos: La empresa titular de esta web es \u00abGMG Plans i Projectes, SLP\u00bb, con domicilio en&hellip; Seguir leyendo Aviso legal","og_url":"https:\/\/www.gmg.cat\/es\/aviso-legal\/","og_site_name":"GMG","article_modified_time":"2024-04-17T13:38:33+00:00","twitter_card":"summary_large_image","twitter_misc":{"Tiempo de lectura":"5 minutos"},"schema":{"@context":"https:\/\/schema.org","@graph":[{"@type":"WebPage","@id":"https:\/\/www.gmg.cat\/es\/aviso-legal\/","url":"https:\/\/www.gmg.cat\/es\/aviso-legal\/","name":"Aviso legal - GMG","isPartOf":{"@id":"https:\/\/www.gmg.cat\/es\/#website"},"datePublished":"2023-07-14T09:13:20+00:00","dateModified":"2024-04-17T13:38:33+00:00","inLanguage":"es","potentialAction":[{"@type":"ReadAction","target":["https:\/\/www.gmg.cat\/es\/aviso-legal\/"]}]},{"@type":"WebSite","@id":"https:\/\/www.gmg.cat\/es\/#website","url":"https:\/\/www.gmg.cat\/es\/","name":"GMG","description":"","potentialAction":[{"@type":"SearchAction","target":{"@type":"EntryPoint","urlTemplate":"https:\/\/www.gmg.cat\/es\/?s={search_term_string}"},"query-input":"required name=search_term_string"}],"inLanguage":"es"}]}},"_links":{"self":[{"href":"https:\/\/www.gmg.cat\/es\/wp-json\/wp\/v2\/pages\/1694","targetHints":{"allow":["GET"]}}],"collection":[{"href":"https:\/\/www.gmg.cat\/es\/wp-json\/wp\/v2\/pages"}],"about":[{"href":"https:\/\/www.gmg.cat\/es\/wp-json\/wp\/v2\/types\/page"}],"author":[{"embeddable":true,"href":"https:\/\/www.gmg.cat\/es\/wp-json\/wp\/v2\/users\/1"}],"replies":[{"embeddable":true,"href":"https:\/\/www.gmg.cat\/es\/wp-json\/wp\/v2\/comments?post=1694"}],"version-history":[{"count":5,"href":"https:\/\/www.gmg.cat\/es\/wp-json\/wp\/v2\/pages\/1694\/revisions"}],"predecessor-version":[{"id":1781,"href":"https:\/\/www.gmg.cat\/es\/wp-json\/wp\/v2\/pages\/1694\/revisions\/1781"}],"wp:attachment":[{"href":"https:\/\/www.gmg.cat\/es\/wp-json\/wp\/v2\/media?parent=1694"}],"curies":[{"name":"wp","href":"https:\/\/api.w.org\/{rel}","templated":true}]}}