{"id":1702,"date":"2023-07-14T11:12:38","date_gmt":"2023-07-14T09:12:38","guid":{"rendered":"https:\/\/www.gmg.cat\/politicas-de-cookies\/"},"modified":"2024-02-05T11:55:30","modified_gmt":"2024-02-05T10:55:30","slug":"politicas-de-cookies","status":"publish","type":"page","link":"https:\/\/www.gmg.cat\/es\/politicas-de-cookies\/","title":{"rendered":"Pol\u00edticas de cookies"},"content":{"rendered":"\n<h2>INFORMACI\u00d3N SOBRE COOKIES<\/h2>\n<p>\nA causa de la entrada en vigor de la referente modificaci\u00f3n de la \u201cLey de Servicios de la Sociedad de la Informaci\u00f3n\u201d (LSSICE) establecida por el Real Decreto 13\/2012, es de obligaci\u00f3n obtener el consentimiento expreso del usuario de todas las p\u00e1ginas web que utilizan cookies prescindibles, antes de que este navegue por ellas.\n<\/p>\n<h2>\u00bfQU\u00c9 SON LAS COOKIES?<\/h2>\n<p>\nLas cookies y otras tecnolog\u00edas similares tales como local shared objects, flash cookies o p\u00edxeles, son herramientas empleadas por los servidores web para almacenar y recuperar informaci\u00f3n sobre sus visitantes, as\u00ed como para ofrecer un correcto funcionamiento del sitio.\n<\/p><p>\nMediante el uso de estos dispositivos se permite al servidor web recordar algunos datos concernientes al usuario, como sus preferencias para la visualizaci\u00f3n de las p\u00e1ginas de este servidor, nombre y contrase\u00f1a, productos que m\u00e1s le interesan, etc.\n<\/p>\n<h2>COOKIES AFECTADAS POR LA NORMATIVA Y COOKIES EXENTAS<\/h2>\n<p>\nSeg\u00fan la directiva de la UE, las cookies que requieren el consentimiento informado por parte del usuario son las cookies de anal\u00edtica y las de publicidad y afiliaci\u00f3n, quedando exceptuadas las de car\u00e1cter t\u00e9cnico y las necesarias para el funcionamiento del sitio web o la prestaci\u00f3n de servicios expresamente solicitados por el usuario.\n<\/p>\n<h2>\u00bfQU\u00c9 TIPO DE COOKIES HAY?<\/h2>\n<p>\nSobre los tipos de galletas, hay cinco grandes grupos:\n<\/p>\n<p>\n\u00b7 Cookies anal\u00edticas: recogen informaci\u00f3n del uso que se realiza del sitio web.<br\/>\n\u00b7 Cookies sociales: son aquellas necesarias para redes sociales externas.<br\/>\n\u00b7 Cookies de afiliados: permiten hacer un seguimiento de las visitas procedentes de otras webs, con las que el sitio web establece un contrato de afiliaci\u00f3n (empresas de afiliaci\u00f3n).<br\/>\n\u00b7 Cookies de publicidad y comportamiento: recogen informaci\u00f3n sobre las preferencias y elecciones personales del usuario (retargeting).<br\/>\n\u00b7 Cookies t\u00e9cnicas y funcionales: son las estrictamente necesarias para el uso del sitio web y para la prestaci\u00f3n del servicio contratado.\n<\/p>\n<h2>COOKIES QUE UTILIZAMOS EN NUESTRO ESPACIO WEB<\/h2>\n<p>\n\u00b7 Utilizamos una cookie t\u00e9cnica de sesi\u00f3n que no es desada en su ordenador y se elimina una vez cierra el navegador.<br\/>\n\u00b7 Hacemos uso de Google Maps, con el objetivo de mostrar nuestra ubicaci\u00f3n geogr\u00e1fica de forma interactiva mejorando as\u00ed la calidad de experiencia en el uso del mismo. Las cookies que pueden ser desadas por Google Maps son gestionadas enteramente por Google, as\u00ed que, el ejercicio de cualquier derecho deber\u00e1 comunicarse con Google.\n<\/p><p>\nM\u00e1s informaci\u00f3n sobre las cookies que utiliza Google: <a href=\"https:\/\/www.google.es\/intl\/es\/policies\/technologies\/types\/\" target=\"_blank\" rel=\"noopener\">https:\/\/www.google.es\/intl\/es\/policies\/technologies\/types\/<\/a>\n<\/p>\n<h2>DESACTIVACI\u00d3N DE COOKIES<\/h2>\n<p>\nDado que las cookies no son estrictamente necesarias para navegar por este sitio web puede bloquearlas o deshabilitarlas, total o parcialmente, a trav\u00e9s de la configuraci\u00f3n de las opciones de su navegador de Internet. Todos los navegadores permiten el cambio en la configuraci\u00f3n de las cookies.<\/p><p>\nPara deshabilitar las cookies modificando la configuraci\u00f3n de su navegador, puede seguir las instrucciones que especifica cada navegador:\n<a href=\"https:\/\/support.google.com\/chrome\/answer\/95647?hl=es\" target=\"_blank\" rel=\"noopener\">Chrome<\/a> | <a href=\"https:\/\/support.google.com\/chrome\/answer\/2392971?hl=es\" target=\"_blank\" rel=\"noopener\">Chrome para Android<\/a> | <a href=\"http:\/\/support.mozilla.org\/es\/kb\/habilitar-y-deshabilitar-cookies-que-los-sitios-we\" target=\"_blank\" rel=\"noopener\">Firefox<\/a> | <a href=\"http:\/\/windows.microsoft.com\/es-es\/windows-vista\/block-or-allow-cookies\" target=\"_blank\" rel=\"noopener\">Explorer<\/a> | <a href=\"https:\/\/support.apple.com\/kb\/ph21411?locale=es_ES\" target=\"_blank\" rel=\"noopener\">Safari<\/a> | <a href=\"https:\/\/support.apple.com\/es-es\/HT201265\" target=\"_blank\" rel=\"noopener\">Safari para IOS<\/a> (iPhone y iPad) | <a href=\"http:\/\/windows.microsoft.com\/es-xl\/windows-10\/edge-privacy-faq\" target=\"_blank\" rel=\"noopener\">Windows 10: Microsoft Edge<\/a><\/p>\n","protected":false},"excerpt":{"rendered":"<p>INFORMACI\u00d3N SOBRE COOKIES A causa de la entrada en vigor de la referente modificaci\u00f3n de la \u201cLey de Servicios de la Sociedad de la Informaci\u00f3n\u201d (LSSICE) establecida por el Real Decreto 13\/2012, es de obligaci\u00f3n obtener el consentimiento expreso del usuario de todas las p\u00e1ginas web que utilizan cookies prescindibles, antes de que este navegue&hellip; <a class=\"more-link\" href=\"https:\/\/www.gmg.cat\/es\/politicas-de-cookies\/\">Seguir leyendo <span class=\"screen-reader-text\">Pol\u00edticas de cookies<\/span><\/a><\/p>\n","protected":false},"author":1,"featured_media":0,"parent":0,"menu_order":0,"comment_status":"closed","ping_status":"closed","template":"page-legal.php","meta":{"inline_featured_image":false,"footnotes":""},"class_list":["post-1702","page","type-page","status-publish","hentry","entry"],"acf":[],"yoast_head":"<!-- This site is optimized with the Yoast SEO plugin v21.5 - https:\/\/yoast.com\/wordpress\/plugins\/seo\/ -->\n<title>Pol\u00edticas de cookies - GMG<\/title>\n<meta name=\"robots\" content=\"index, follow, max-snippet:-1, max-image-preview:large, max-video-preview:-1\" \/>\n<link rel=\"canonical\" href=\"https:\/\/www.gmg.cat\/es\/politicas-de-cookies\/\" \/>\n<meta property=\"og:locale\" content=\"es_ES\" \/>\n<meta property=\"og:type\" content=\"article\" \/>\n<meta property=\"og:title\" content=\"Pol\u00edticas de cookies - GMG\" \/>\n<meta property=\"og:description\" content=\"INFORMACI\u00d3N SOBRE COOKIES A causa de la entrada en vigor de la referente modificaci\u00f3n de la \u201cLey de Servicios de la Sociedad de la Informaci\u00f3n\u201d (LSSICE) establecida por el Real Decreto 13\/2012, es de obligaci\u00f3n obtener el consentimiento expreso del usuario de todas las p\u00e1ginas web que utilizan cookies prescindibles, antes de que este navegue&hellip; Seguir leyendo Pol\u00edticas de cookies\" \/>\n<meta property=\"og:url\" content=\"https:\/\/www.gmg.cat\/es\/politicas-de-cookies\/\" \/>\n<meta property=\"og:site_name\" content=\"GMG\" \/>\n<meta property=\"article:modified_time\" content=\"2024-02-05T10:55:30+00:00\" \/>\n<meta name=\"twitter:card\" content=\"summary_large_image\" \/>\n<meta name=\"twitter:label1\" content=\"Tiempo de lectura\" \/>\n\t<meta name=\"twitter:data1\" content=\"3 minutos\" \/>\n<script type=\"application\/ld+json\" class=\"yoast-schema-graph\">{\"@context\":\"https:\/\/schema.org\",\"@graph\":[{\"@type\":\"WebPage\",\"@id\":\"https:\/\/www.gmg.cat\/es\/politicas-de-cookies\/\",\"url\":\"https:\/\/www.gmg.cat\/es\/politicas-de-cookies\/\",\"name\":\"Pol\u00edticas de cookies - GMG\",\"isPartOf\":{\"@id\":\"https:\/\/www.gmg.cat\/es\/#website\"},\"datePublished\":\"2023-07-14T09:12:38+00:00\",\"dateModified\":\"2024-02-05T10:55:30+00:00\",\"inLanguage\":\"es\",\"potentialAction\":[{\"@type\":\"ReadAction\",\"target\":[\"https:\/\/www.gmg.cat\/es\/politicas-de-cookies\/\"]}]},{\"@type\":\"WebSite\",\"@id\":\"https:\/\/www.gmg.cat\/es\/#website\",\"url\":\"https:\/\/www.gmg.cat\/es\/\",\"name\":\"GMG\",\"description\":\"\",\"potentialAction\":[{\"@type\":\"SearchAction\",\"target\":{\"@type\":\"EntryPoint\",\"urlTemplate\":\"https:\/\/www.gmg.cat\/es\/?s={search_term_string}\"},\"query-input\":\"required name=search_term_string\"}],\"inLanguage\":\"es\"}]}<\/script>\n<!-- \/ Yoast SEO plugin. -->","yoast_head_json":{"title":"Pol\u00edticas de cookies - GMG","robots":{"index":"index","follow":"follow","max-snippet":"max-snippet:-1","max-image-preview":"max-image-preview:large","max-video-preview":"max-video-preview:-1"},"canonical":"https:\/\/www.gmg.cat\/es\/politicas-de-cookies\/","og_locale":"es_ES","og_type":"article","og_title":"Pol\u00edticas de cookies - GMG","og_description":"INFORMACI\u00d3N SOBRE COOKIES A causa de la entrada en vigor de la referente modificaci\u00f3n de la \u201cLey de Servicios de la Sociedad de la Informaci\u00f3n\u201d (LSSICE) establecida por el Real Decreto 13\/2012, es de obligaci\u00f3n obtener el consentimiento expreso del usuario de todas las p\u00e1ginas web que utilizan cookies prescindibles, antes de que este navegue&hellip; Seguir leyendo Pol\u00edticas de cookies","og_url":"https:\/\/www.gmg.cat\/es\/politicas-de-cookies\/","og_site_name":"GMG","article_modified_time":"2024-02-05T10:55:30+00:00","twitter_card":"summary_large_image","twitter_misc":{"Tiempo de lectura":"3 minutos"},"schema":{"@context":"https:\/\/schema.org","@graph":[{"@type":"WebPage","@id":"https:\/\/www.gmg.cat\/es\/politicas-de-cookies\/","url":"https:\/\/www.gmg.cat\/es\/politicas-de-cookies\/","name":"Pol\u00edticas de cookies - GMG","isPartOf":{"@id":"https:\/\/www.gmg.cat\/es\/#website"},"datePublished":"2023-07-14T09:12:38+00:00","dateModified":"2024-02-05T10:55:30+00:00","inLanguage":"es","potentialAction":[{"@type":"ReadAction","target":["https:\/\/www.gmg.cat\/es\/politicas-de-cookies\/"]}]},{"@type":"WebSite","@id":"https:\/\/www.gmg.cat\/es\/#website","url":"https:\/\/www.gmg.cat\/es\/","name":"GMG","description":"","potentialAction":[{"@type":"SearchAction","target":{"@type":"EntryPoint","urlTemplate":"https:\/\/www.gmg.cat\/es\/?s={search_term_string}"},"query-input":"required name=search_term_string"}],"inLanguage":"es"}]}},"_links":{"self":[{"href":"https:\/\/www.gmg.cat\/es\/wp-json\/wp\/v2\/pages\/1702","targetHints":{"allow":["GET"]}}],"collection":[{"href":"https:\/\/www.gmg.cat\/es\/wp-json\/wp\/v2\/pages"}],"about":[{"href":"https:\/\/www.gmg.cat\/es\/wp-json\/wp\/v2\/types\/page"}],"author":[{"embeddable":true,"href":"https:\/\/www.gmg.cat\/es\/wp-json\/wp\/v2\/users\/1"}],"replies":[{"embeddable":true,"href":"https:\/\/www.gmg.cat\/es\/wp-json\/wp\/v2\/comments?post=1702"}],"version-history":[{"count":7,"href":"https:\/\/www.gmg.cat\/es\/wp-json\/wp\/v2\/pages\/1702\/revisions"}],"predecessor-version":[{"id":1785,"href":"https:\/\/www.gmg.cat\/es\/wp-json\/wp\/v2\/pages\/1702\/revisions\/1785"}],"wp:attachment":[{"href":"https:\/\/www.gmg.cat\/es\/wp-json\/wp\/v2\/media?parent=1702"}],"curies":[{"name":"wp","href":"https:\/\/api.w.org\/{rel}","templated":true}]}}